{"id":2380,"date":"2024-09-27T09:33:53","date_gmt":"2024-09-27T09:33:53","guid":{"rendered":"https:\/\/hotelvos.is\/?page_id=2380"},"modified":"2024-09-27T09:36:24","modified_gmt":"2024-09-27T09:36:24","slug":"room-booking","status":"publish","type":"page","link":"https:\/\/hotelvos.is\/en\/room-booking\/","title":{"rendered":"Room Booking"},"content":{"rendered":"\t\t<div data-elementor-type=\"wp-page\" data-elementor-id=\"2380\" class=\"elementor elementor-2380\">\n\t\t\t\t<div class=\"elementor-element elementor-element-b5fd39e e-flex e-con-boxed e-con e-parent\" data-id=\"b5fd39e\" data-element_type=\"container\" data-e-type=\"container\" data-settings=\"{&quot;background_background&quot;:&quot;classic&quot;}\">\n\t\t\t\t\t<div class=\"e-con-inner\">\n\t\t<div class=\"elementor-element elementor-element-73676f56 e-flex e-con-boxed e-con e-child\" data-id=\"73676f56\" data-element_type=\"container\" data-e-type=\"container\">\n\t\t\t\t\t<div class=\"e-con-inner\">\n\t\t\t\t<div class=\"elementor-element elementor-element-6aacf47c elementor-widget elementor-widget-text-editor\" data-id=\"6aacf47c\" data-element_type=\"widget\" data-e-type=\"widget\" data-widget_type=\"text-editor.default\">\n\t\t\t\t<div class=\"elementor-widget-container\">\n\t\t\t\t\t\t\t\t\t<p>Hotel Vos<\/p>\t\t\t\t\t\t\t\t<\/div>\n\t\t\t\t<\/div>\n\t\t\t\t<div class=\"elementor-element elementor-element-38a8ae12 elementor-invisible elementor-widget elementor-widget-heading\" data-id=\"38a8ae12\" data-element_type=\"widget\" data-e-type=\"widget\" data-settings=\"{&quot;_animation&quot;:&quot;fadeInUp&quot;}\" data-widget_type=\"heading.default\">\n\t\t\t\t<div class=\"elementor-widget-container\">\n\t\t\t\t\t<h1 class=\"elementor-heading-title elementor-size-default\">Room Booking<\/h1>\t\t\t\t<\/div>\n\t\t\t\t<\/div>\n\t\t\t\t\t<\/div>\n\t\t\t\t<\/div>\n\t\t\t\t\t<\/div>\n\t\t\t\t<\/div>\n\t\t<div class=\"elementor-element elementor-element-60891030 e-flex e-con-boxed e-con e-parent\" data-id=\"60891030\" data-element_type=\"container\" data-e-type=\"container\">\n\t\t\t\t\t<div class=\"e-con-inner\">\n\t\t\t\t<div class=\"elementor-element elementor-element-5e221d2c elementor-invisible elementor-widget elementor-widget-heading\" data-id=\"5e221d2c\" data-element_type=\"widget\" data-e-type=\"widget\" data-settings=\"{&quot;_animation&quot;:&quot;fadeInUp&quot;}\" data-widget_type=\"heading.default\">\n\t\t\t\t<div class=\"elementor-widget-container\">\n\t\t\t\t\t<h2 class=\"elementor-heading-title elementor-size-default\">Discover Serenity at Hotel Vos!<\/h2>\t\t\t\t<\/div>\n\t\t\t\t<\/div>\n\t\t\t\t<div class=\"elementor-element elementor-element-1472b799 elementor-widget-divider--view-line elementor-widget elementor-widget-divider\" data-id=\"1472b799\" data-element_type=\"widget\" data-e-type=\"widget\" data-widget_type=\"divider.default\">\n\t\t\t\t<div class=\"elementor-widget-container\">\n\t\t\t\t\t\t\t<div class=\"elementor-divider\">\n\t\t\t<span class=\"elementor-divider-separator\">\n\t\t\t\t\t\t<\/span>\n\t\t<\/div>\n\t\t\t\t\t\t<\/div>\n\t\t\t\t<\/div>\n\t\t\t\t<div class=\"elementor-element elementor-element-7c4e0cd3 elementor-widget elementor-widget-text-editor\" data-id=\"7c4e0cd3\" data-element_type=\"widget\" data-e-type=\"widget\" data-widget_type=\"text-editor.default\">\n\t\t\t\t<div class=\"elementor-widget-container\">\n\t\t\t\t\t\t\t\t\t<p>Join us in experiencing the essence of Icelandic hospitality at Hotel Vos\u2014where every reservation is the beginning of an unforgettable journey amidst serene landscapes and unparalleled tranquility.<\/p>\t\t\t\t\t\t\t\t<\/div>\n\t\t\t\t<\/div>\n\t\t\t\t\t<\/div>\n\t\t\t\t<\/div>\n\t\t<div class=\"elementor-element elementor-element-7cacc17d e-flex e-con-boxed e-con e-parent\" data-id=\"7cacc17d\" data-element_type=\"container\" data-e-type=\"container\">\n\t\t\t\t\t<div class=\"e-con-inner\">\n\t\t\t\t<div class=\"elementor-element elementor-element-3840c2db elementor-widget elementor-widget-html\" data-id=\"3840c2db\" data-element_type=\"widget\" data-e-type=\"widget\" data-widget_type=\"html.default\">\n\t\t\t\t<div class=\"elementor-widget-container\">\n\t\t\t\t\t<iframe data-src=\"https:\/\/property.godo.is\/booking2.php?propid=130667&amp;referer=iframe\" width=\"900\" height=\"2000\" style=\"max-width:100%;border:none;overflow:auto;\" src=\"data:image\/svg+xml;base64,PHN2ZyB3aWR0aD0iMSIgaGVpZ2h0PSIxIiB4bWxucz0iaHR0cDovL3d3dy53My5vcmcvMjAwMC9zdmciPjwvc3ZnPg==\" class=\"lazyload\" data-load-mode=\"1\"><p><a href=\"https:\/\/property.godo.is\/booking2.php?propid=130667&amp;referer=iframe\" title=\"Book Now\">Book Now<\/a><\/p><\/iframe>\t\t\t\t<\/div>\n\t\t\t\t<\/div>\n\t\t\t\t\t<\/div>\n\t\t\t\t<\/div>\n\t\t\t\t<\/div>\n\t\t","protected":false},"excerpt":{"rendered":"<p>Hotel Vos Room Booking Discover Serenity at Hotel Vos! Join us in experiencing the essence of Icelandic hospitality at Hotel [&hellip;]<\/p>\n","protected":false},"author":4,"featured_media":0,"parent":0,"menu_order":0,"comment_status":"closed","ping_status":"closed","template":"","meta":{"site-sidebar-layout":"no-sidebar","site-content-layout":"","ast-site-content-layout":"full-width-container","site-content-style":"default","site-sidebar-style":"default","ast-global-header-display":"","ast-banner-title-visibility":"","ast-main-header-display":"","ast-hfb-above-header-display":"","ast-hfb-below-header-display":"","ast-hfb-mobile-header-display":"","site-post-title":"disabled","ast-breadcrumbs-content":"","ast-featured-img":"disabled","footer-sml-layout":"","theme-transparent-header-meta":"","adv-header-id-meta":"","stick-header-meta":"","header-above-stick-meta":"","header-main-stick-meta":"","header-below-stick-meta":"","astra-migrate-meta-layouts":"default","ast-page-background-enabled":"default","ast-page-background-meta":{"desktop":{"background-color":"var(--ast-global-color-4)","background-image":"","background-repeat":"repeat","background-position":"center center","background-size":"auto","background-attachment":"scroll","background-type":"","background-media":"","overlay-type":"","overlay-color":"","overlay-opacity":"","overlay-gradient":""},"tablet":{"background-color":"","background-image":"","background-repeat":"repeat","background-position":"center center","background-size":"auto","background-attachment":"scroll","background-type":"","background-media":"","overlay-type":"","overlay-color":"","overlay-opacity":"","overlay-gradient":""},"mobile":{"background-color":"","background-image":"","background-repeat":"repeat","background-position":"center center","background-size":"auto","background-attachment":"scroll","background-type":"","background-media":"","overlay-type":"","overlay-color":"","overlay-opacity":"","overlay-gradient":""}},"ast-content-background-meta":{"desktop":{"background-color":"var(--ast-global-color-5)","background-image":"","background-repeat":"repeat","background-position":"center center","background-size":"auto","background-attachment":"scroll","background-type":"","background-media":"","overlay-type":"","overlay-color":"","overlay-opacity":"","overlay-gradient":""},"tablet":{"background-color":"var(--ast-global-color-5)","background-image":"","background-repeat":"repeat","background-position":"center center","background-size":"auto","background-attachment":"scroll","background-type":"","background-media":"","overlay-type":"","overlay-color":"","overlay-opacity":"","overlay-gradient":""},"mobile":{"background-color":"var(--ast-global-color-5)","background-image":"","background-repeat":"repeat","background-position":"center center","background-size":"auto","background-attachment":"scroll","background-type":"","background-media":"","overlay-type":"","overlay-color":"","overlay-opacity":"","overlay-gradient":""}},"footnotes":""},"class_list":["post-2380","page","type-page","status-publish","hentry"],"yoast_head":"<!-- This site is optimized with the Yoast SEO plugin v27.4 - https:\/\/yoast.com\/product\/yoast-seo-wordpress\/ -->\n<title>Room Booking | Hotel Vos<\/title>\n<meta name=\"robots\" content=\"index, follow, max-snippet:-1, max-image-preview:large, max-video-preview:-1\" \/>\n<link rel=\"canonical\" href=\"https:\/\/hotelvos.is\/en\/room-booking\/\" \/>\n<meta property=\"og:locale\" content=\"en_US\" \/>\n<meta property=\"og:type\" content=\"article\" \/>\n<meta property=\"og:title\" content=\"Room Booking | Hotel Vos\" \/>\n<meta property=\"og:description\" content=\"Hotel Vos Room Booking Discover Serenity at Hotel Vos! Join us in experiencing the essence of Icelandic hospitality at Hotel [&hellip;]\" \/>\n<meta property=\"og:url\" content=\"https:\/\/hotelvos.is\/en\/room-booking\/\" \/>\n<meta property=\"og:site_name\" content=\"Hotel Vos\" \/>\n<meta property=\"article:publisher\" content=\"https:\/\/www.facebook.com\/hotelvos\/\" \/>\n<meta property=\"article:modified_time\" content=\"2024-09-27T09:36:24+00:00\" \/>\n<meta property=\"og:image\" content=\"https:\/\/hotelvos.is\/wp-content\/uploads\/2025\/03\/hotelvoslogo-black-01.png\" \/>\n\t<meta property=\"og:image:width\" content=\"4167\" \/>\n\t<meta property=\"og:image:height\" content=\"3334\" \/>\n\t<meta property=\"og:image:type\" content=\"image\/png\" \/>\n<meta name=\"twitter:card\" content=\"summary_large_image\" \/>\n<meta name=\"twitter:label1\" content=\"Est. reading time\" \/>\n\t<meta name=\"twitter:data1\" content=\"1 minute\" \/>\n<script type=\"application\/ld+json\" class=\"yoast-schema-graph\">{\"@context\":\"https:\\\/\\\/schema.org\",\"@graph\":[{\"@type\":\"WebPage\",\"@id\":\"https:\\\/\\\/hotelvos.is\\\/en\\\/room-booking\\\/\",\"url\":\"https:\\\/\\\/hotelvos.is\\\/en\\\/room-booking\\\/\",\"name\":\"Room Booking | Hotel Vos\",\"isPartOf\":{\"@id\":\"https:\\\/\\\/hotelvos.is\\\/#website\"},\"datePublished\":\"2024-09-27T09:33:53+00:00\",\"dateModified\":\"2024-09-27T09:36:24+00:00\",\"breadcrumb\":{\"@id\":\"https:\\\/\\\/hotelvos.is\\\/en\\\/room-booking\\\/#breadcrumb\"},\"inLanguage\":\"en-US\",\"potentialAction\":[{\"@type\":\"ReadAction\",\"target\":[\"https:\\\/\\\/hotelvos.is\\\/en\\\/room-booking\\\/\"]}]},{\"@type\":\"BreadcrumbList\",\"@id\":\"https:\\\/\\\/hotelvos.is\\\/en\\\/room-booking\\\/#breadcrumb\",\"itemListElement\":[{\"@type\":\"ListItem\",\"position\":1,\"name\":\"Home\",\"item\":\"https:\\\/\\\/hotelvos.is\\\/\"},{\"@type\":\"ListItem\",\"position\":2,\"name\":\"Room Booking\"}]},{\"@type\":\"WebSite\",\"@id\":\"https:\\\/\\\/hotelvos.is\\\/#website\",\"url\":\"https:\\\/\\\/hotelvos.is\\\/\",\"name\":\"Hotel Vos\",\"description\":\"Sveitah\u00f3tel \u00ed \u00deykkvab\u00e6 \u00e1 Su\u00f0urlandi\",\"publisher\":{\"@id\":\"https:\\\/\\\/hotelvos.is\\\/#organization\"},\"potentialAction\":[{\"@type\":\"SearchAction\",\"target\":{\"@type\":\"EntryPoint\",\"urlTemplate\":\"https:\\\/\\\/hotelvos.is\\\/?s={search_term_string}\"},\"query-input\":{\"@type\":\"PropertyValueSpecification\",\"valueRequired\":true,\"valueName\":\"search_term_string\"}}],\"inLanguage\":\"en-US\"},{\"@type\":\"Organization\",\"@id\":\"https:\\\/\\\/hotelvos.is\\\/#organization\",\"name\":\"H\u00f3tel VOS\",\"url\":\"https:\\\/\\\/hotelvos.is\\\/\",\"logo\":{\"@type\":\"ImageObject\",\"inLanguage\":\"en-US\",\"@id\":\"https:\\\/\\\/hotelvos.is\\\/#\\\/schema\\\/logo\\\/image\\\/\",\"url\":\"https:\\\/\\\/hotelvos.is\\\/wp-content\\\/uploads\\\/2020\\\/06\\\/hotelvos_logo_transperent500.png\",\"contentUrl\":\"https:\\\/\\\/hotelvos.is\\\/wp-content\\\/uploads\\\/2020\\\/06\\\/hotelvos_logo_transperent500.png\",\"width\":500,\"height\":106,\"caption\":\"H\u00f3tel VOS\"},\"image\":{\"@id\":\"https:\\\/\\\/hotelvos.is\\\/#\\\/schema\\\/logo\\\/image\\\/\"},\"sameAs\":[\"https:\\\/\\\/www.facebook.com\\\/hotelvos\\\/\",\"https:\\\/\\\/www.instagram.com\\\/hotelvos\\\/?hl=en\"]}]}<\/script>\n<!-- \/ Yoast SEO plugin. -->","yoast_head_json":{"title":"Room Booking | Hotel Vos","robots":{"index":"index","follow":"follow","max-snippet":"max-snippet:-1","max-image-preview":"max-image-preview:large","max-video-preview":"max-video-preview:-1"},"canonical":"https:\/\/hotelvos.is\/en\/room-booking\/","og_locale":"en_US","og_type":"article","og_title":"Room Booking | Hotel Vos","og_description":"Hotel Vos Room Booking Discover Serenity at Hotel Vos! Join us in experiencing the essence of Icelandic hospitality at Hotel [&hellip;]","og_url":"https:\/\/hotelvos.is\/en\/room-booking\/","og_site_name":"Hotel Vos","article_publisher":"https:\/\/www.facebook.com\/hotelvos\/","article_modified_time":"2024-09-27T09:36:24+00:00","og_image":[{"width":4167,"height":3334,"url":"https:\/\/hotelvos.is\/wp-content\/uploads\/2025\/03\/hotelvoslogo-black-01.png","type":"image\/png"}],"twitter_card":"summary_large_image","twitter_misc":{"Est. reading time":"1 minute"},"schema":{"@context":"https:\/\/schema.org","@graph":[{"@type":"WebPage","@id":"https:\/\/hotelvos.is\/en\/room-booking\/","url":"https:\/\/hotelvos.is\/en\/room-booking\/","name":"Room Booking | Hotel Vos","isPartOf":{"@id":"https:\/\/hotelvos.is\/#website"},"datePublished":"2024-09-27T09:33:53+00:00","dateModified":"2024-09-27T09:36:24+00:00","breadcrumb":{"@id":"https:\/\/hotelvos.is\/en\/room-booking\/#breadcrumb"},"inLanguage":"en-US","potentialAction":[{"@type":"ReadAction","target":["https:\/\/hotelvos.is\/en\/room-booking\/"]}]},{"@type":"BreadcrumbList","@id":"https:\/\/hotelvos.is\/en\/room-booking\/#breadcrumb","itemListElement":[{"@type":"ListItem","position":1,"name":"Home","item":"https:\/\/hotelvos.is\/"},{"@type":"ListItem","position":2,"name":"Room Booking"}]},{"@type":"WebSite","@id":"https:\/\/hotelvos.is\/#website","url":"https:\/\/hotelvos.is\/","name":"Hotel Vos","description":"Sveitah\u00f3tel \u00ed \u00deykkvab\u00e6 \u00e1 Su\u00f0urlandi","publisher":{"@id":"https:\/\/hotelvos.is\/#organization"},"potentialAction":[{"@type":"SearchAction","target":{"@type":"EntryPoint","urlTemplate":"https:\/\/hotelvos.is\/?s={search_term_string}"},"query-input":{"@type":"PropertyValueSpecification","valueRequired":true,"valueName":"search_term_string"}}],"inLanguage":"en-US"},{"@type":"Organization","@id":"https:\/\/hotelvos.is\/#organization","name":"H\u00f3tel VOS","url":"https:\/\/hotelvos.is\/","logo":{"@type":"ImageObject","inLanguage":"en-US","@id":"https:\/\/hotelvos.is\/#\/schema\/logo\/image\/","url":"https:\/\/hotelvos.is\/wp-content\/uploads\/2020\/06\/hotelvos_logo_transperent500.png","contentUrl":"https:\/\/hotelvos.is\/wp-content\/uploads\/2020\/06\/hotelvos_logo_transperent500.png","width":500,"height":106,"caption":"H\u00f3tel VOS"},"image":{"@id":"https:\/\/hotelvos.is\/#\/schema\/logo\/image\/"},"sameAs":["https:\/\/www.facebook.com\/hotelvos\/","https:\/\/www.instagram.com\/hotelvos\/?hl=en"]}]}},"_links":{"self":[{"href":"https:\/\/hotelvos.is\/en\/wp-json\/wp\/v2\/pages\/2380","targetHints":{"allow":["GET"]}}],"collection":[{"href":"https:\/\/hotelvos.is\/en\/wp-json\/wp\/v2\/pages"}],"about":[{"href":"https:\/\/hotelvos.is\/en\/wp-json\/wp\/v2\/types\/page"}],"author":[{"embeddable":true,"href":"https:\/\/hotelvos.is\/en\/wp-json\/wp\/v2\/users\/4"}],"replies":[{"embeddable":true,"href":"https:\/\/hotelvos.is\/en\/wp-json\/wp\/v2\/comments?post=2380"}],"version-history":[{"count":0,"href":"https:\/\/hotelvos.is\/en\/wp-json\/wp\/v2\/pages\/2380\/revisions"}],"wp:attachment":[{"href":"https:\/\/hotelvos.is\/en\/wp-json\/wp\/v2\/media?parent=2380"}],"curies":[{"name":"wp","href":"https:\/\/api.w.org\/{rel}","templated":true}]}}