{"id":2269,"date":"2024-09-27T08:57:25","date_gmt":"2024-09-27T08:57:25","guid":{"rendered":"https:\/\/hotelvos.is\/?page_id=2269"},"modified":"2024-10-01T08:57:58","modified_gmt":"2024-10-01T08:57:58","slug":"snow-mobile","status":"publish","type":"page","link":"https:\/\/hotelvos.is\/en\/snow-mobile\/","title":{"rendered":"Snow Mobile"},"content":{"rendered":"\t\t<div data-elementor-type=\"wp-page\" data-elementor-id=\"2269\" class=\"elementor elementor-2269\">\n\t\t\t\t<div class=\"elementor-element elementor-element-4f8f6b42 e-flex e-con-boxed e-con e-parent\" data-id=\"4f8f6b42\" data-element_type=\"container\" data-e-type=\"container\" data-settings=\"{&quot;background_background&quot;:&quot;classic&quot;}\">\n\t\t\t\t\t<div class=\"e-con-inner\">\n\t\t<div class=\"elementor-element elementor-element-7348eb6d e-flex e-con-boxed e-con e-child\" data-id=\"7348eb6d\" data-element_type=\"container\" data-e-type=\"container\">\n\t\t\t\t\t<div class=\"e-con-inner\">\n\t\t\t\t<div class=\"elementor-element elementor-element-7320d04c elementor-invisible elementor-widget elementor-widget-heading\" data-id=\"7320d04c\" data-element_type=\"widget\" data-e-type=\"widget\" data-settings=\"{&quot;_animation&quot;:&quot;fadeInUp&quot;}\" data-widget_type=\"heading.default\">\n\t\t\t\t<div class=\"elementor-widget-container\">\n\t\t\t\t\t<h1 class=\"elementor-heading-title elementor-size-default\">Snowmobile Adventures<\/h1>\t\t\t\t<\/div>\n\t\t\t\t<\/div>\n\t\t\t\t<div class=\"elementor-element elementor-element-1da20e2a elementor-widget elementor-widget-text-editor\" data-id=\"1da20e2a\" data-element_type=\"widget\" data-e-type=\"widget\" data-widget_type=\"text-editor.default\">\n\t\t\t\t<div class=\"elementor-widget-container\">\n\t\t\t\t\t\t\t\t\t<p>Discover Thrilling Snowmobile &amp; ATV Excursions<\/p>\t\t\t\t\t\t\t\t<\/div>\n\t\t\t\t<\/div>\n\t\t\t\t\t<\/div>\n\t\t\t\t<\/div>\n\t\t\t\t\t<\/div>\n\t\t\t\t<\/div>\n\t\t<div class=\"elementor-element elementor-element-403506e4 e-flex e-con-boxed e-con e-parent\" data-id=\"403506e4\" data-element_type=\"container\" data-e-type=\"container\">\n\t\t\t\t\t<div class=\"e-con-inner\">\n\t\t\t\t<div class=\"elementor-element elementor-element-56086fda elementor-invisible elementor-widget elementor-widget-heading\" data-id=\"56086fda\" data-element_type=\"widget\" data-e-type=\"widget\" data-settings=\"{&quot;_animation&quot;:&quot;fadeInUp&quot;}\" data-widget_type=\"heading.default\">\n\t\t\t\t<div class=\"elementor-widget-container\">\n\t\t\t\t\t<h2 class=\"elementor-heading-title elementor-size-default\">Discover Snowmobile &amp; ATV<\/h2>\t\t\t\t<\/div>\n\t\t\t\t<\/div>\n\t\t\t\t<div class=\"elementor-element elementor-element-7f3bbb4c elementor-widget-divider--view-line elementor-widget elementor-widget-divider\" data-id=\"7f3bbb4c\" data-element_type=\"widget\" data-e-type=\"widget\" data-widget_type=\"divider.default\">\n\t\t\t\t<div class=\"elementor-widget-container\">\n\t\t\t\t\t\t\t<div class=\"elementor-divider\">\n\t\t\t<span class=\"elementor-divider-separator\">\n\t\t\t\t\t\t<\/span>\n\t\t<\/div>\n\t\t\t\t\t\t<\/div>\n\t\t\t\t<\/div>\n\t\t\t\t<div class=\"elementor-element elementor-element-55914b7a elementor-widget elementor-widget-text-editor\" data-id=\"55914b7a\" data-element_type=\"widget\" data-e-type=\"widget\" data-widget_type=\"text-editor.default\">\n\t\t\t\t<div class=\"elementor-widget-container\">\n\t\t\t\t\t\t\t\t\t<p>Escape into Iceland\u2019s winter wonderland with exhilarating snowmobile adventures offered exclusively at Hotel Vos.<\/p>\t\t\t\t\t\t\t\t<\/div>\n\t\t\t\t<\/div>\n\t\t\t\t\t<\/div>\n\t\t\t\t<\/div>\n\t\t<div class=\"elementor-element elementor-element-6f8c6daa e-flex e-con-boxed e-con e-parent\" data-id=\"6f8c6daa\" data-element_type=\"container\" data-e-type=\"container\">\n\t\t\t\t\t<div class=\"e-con-inner\">\n\t\t\t\t<div class=\"elementor-element elementor-element-788f3e50 elementor-widget elementor-widget-html\" data-id=\"788f3e50\" data-element_type=\"widget\" data-e-type=\"widget\" data-widget_type=\"html.default\">\n\t\t\t\t<div class=\"elementor-widget-container\">\n\t\t\t\t\t<script type=\"text\/javascript\" src=\"https:\/\/widgets.bokun.io\/assets\/javascripts\/apps\/build\/BokunWidgetsLoader.js?bookingChannelUUID=8582f094-d1e5-42ab-913c-c47d708ca21e\" async><\/script>\r\n     \r\n    <div class=\"bokunWidget\" data-src=\"https:\/\/widgets.bokun.io\/online-sales\/8582f094-d1e5-42ab-913c-c47d708ca21e\/product-list\/78666\"><\/div>\r\n    <noscript>Please enable javascript in your browser to book<\/noscript>\t\t\t\t<\/div>\n\t\t\t\t<\/div>\n\t\t\t\t\t<\/div>\n\t\t\t\t<\/div>\n\t\t<div class=\"elementor-element elementor-element-5f1aa7f1 e-grid e-con-boxed e-con e-parent\" data-id=\"5f1aa7f1\" data-element_type=\"container\" data-e-type=\"container\">\n\t\t\t\t\t<div class=\"e-con-inner\">\n\t\t\t\t<div class=\"elementor-element elementor-element-1552501a elementor-align-center elementor-widget elementor-widget-button\" data-id=\"1552501a\" data-element_type=\"widget\" data-e-type=\"widget\" data-widget_type=\"button.default\">\n\t\t\t\t<div class=\"elementor-widget-container\">\n\t\t\t\t\t\t\t\t\t<div class=\"elementor-button-wrapper\">\n\t\t\t\t\t<a class=\"elementor-button elementor-button-link elementor-size-sm\" href=\"\/en\/all-activities\/\">\n\t\t\t\t\t\t<span class=\"elementor-button-content-wrapper\">\n\t\t\t\t\t\t\t\t\t<span class=\"elementor-button-text\">View All Activities<\/span>\n\t\t\t\t\t<\/span>\n\t\t\t\t\t<\/a>\n\t\t\t\t<\/div>\n\t\t\t\t\t\t\t\t<\/div>\n\t\t\t\t<\/div>\n\t\t\t\t<div class=\"elementor-element elementor-element-66abea8a elementor-align-center elementor-widget elementor-widget-button\" data-id=\"66abea8a\" data-element_type=\"widget\" data-e-type=\"widget\" data-widget_type=\"button.default\">\n\t\t\t\t<div class=\"elementor-widget-container\">\n\t\t\t\t\t\t\t\t\t<div class=\"elementor-button-wrapper\">\n\t\t\t\t\t<a class=\"elementor-button elementor-button-link elementor-size-sm\" href=\"\/en\/horse-riding\/\">\n\t\t\t\t\t\t<span class=\"elementor-button-content-wrapper\">\n\t\t\t\t\t\t\t\t\t<span class=\"elementor-button-text\">View Horse Riding<\/span>\n\t\t\t\t\t<\/span>\n\t\t\t\t\t<\/a>\n\t\t\t\t<\/div>\n\t\t\t\t\t\t\t\t<\/div>\n\t\t\t\t<\/div>\n\t\t\t\t<div class=\"elementor-element elementor-element-2c9eace elementor-align-center elementor-widget elementor-widget-button\" data-id=\"2c9eace\" data-element_type=\"widget\" data-e-type=\"widget\" data-widget_type=\"button.default\">\n\t\t\t\t<div class=\"elementor-widget-container\">\n\t\t\t\t\t\t\t\t\t<div class=\"elementor-button-wrapper\">\n\t\t\t\t\t<a class=\"elementor-button elementor-button-link elementor-size-sm\" href=\"\/en\/northern-light\/\">\n\t\t\t\t\t\t<span class=\"elementor-button-content-wrapper\">\n\t\t\t\t\t\t\t\t\t<span class=\"elementor-button-text\">View Northern Light<\/span>\n\t\t\t\t\t<\/span>\n\t\t\t\t\t<\/a>\n\t\t\t\t<\/div>\n\t\t\t\t\t\t\t\t<\/div>\n\t\t\t\t<\/div>\n\t\t\t\t<div class=\"elementor-element elementor-element-6b0a4c01 elementor-align-center elementor-widget elementor-widget-button\" data-id=\"6b0a4c01\" data-element_type=\"widget\" data-e-type=\"widget\" data-widget_type=\"button.default\">\n\t\t\t\t<div class=\"elementor-widget-container\">\n\t\t\t\t\t\t\t\t\t<div class=\"elementor-button-wrapper\">\n\t\t\t\t\t<a class=\"elementor-button elementor-button-link elementor-size-sm\" href=\"\/en\/glacier\/\">\n\t\t\t\t\t\t<span class=\"elementor-button-content-wrapper\">\n\t\t\t\t\t\t\t\t\t<span class=\"elementor-button-text\">View Glacier Activitiies<\/span>\n\t\t\t\t\t<\/span>\n\t\t\t\t\t<\/a>\n\t\t\t\t<\/div>\n\t\t\t\t\t\t\t\t<\/div>\n\t\t\t\t<\/div>\n\t\t\t\t\t<\/div>\n\t\t\t\t<\/div>\n\t\t<div class=\"elementor-element elementor-element-1ea1abe e-flex e-con-boxed e-con e-parent\" data-id=\"1ea1abe\" data-element_type=\"container\" data-e-type=\"container\" data-settings=\"{&quot;background_background&quot;:&quot;classic&quot;}\">\n\t\t\t\t\t<div class=\"e-con-inner\">\n\t\t<div class=\"elementor-element elementor-element-a9302c4 e-con-full e-flex e-con e-child\" data-id=\"a9302c4\" data-element_type=\"container\" data-e-type=\"container\">\n\t\t\t\t<div class=\"elementor-element elementor-element-c3fbc2e elementor-invisible elementor-widget elementor-widget-heading\" data-id=\"c3fbc2e\" data-element_type=\"widget\" data-e-type=\"widget\" data-settings=\"{&quot;_animation&quot;:&quot;fadeInUp&quot;}\" data-widget_type=\"heading.default\">\n\t\t\t\t<div class=\"elementor-widget-container\">\n\t\t\t\t\t<h1 class=\"elementor-heading-title elementor-size-default\">Plan Your Stay\n<\/h1>\t\t\t\t<\/div>\n\t\t\t\t<\/div>\n\t\t\t\t<div class=\"elementor-element elementor-element-e43e1d1 elementor-widget elementor-widget-text-editor\" data-id=\"e43e1d1\" data-element_type=\"widget\" data-e-type=\"widget\" data-widget_type=\"text-editor.default\">\n\t\t\t\t<div class=\"elementor-widget-container\">\n\t\t\t\t\t\t\t\t\t<p class=\"uagb-ifb-desc\">Start your journey to an unforgettable Icelandic experience. Book your room now at Hotel VOS.<\/p>\t\t\t\t\t\t\t\t<\/div>\n\t\t\t\t<\/div>\n\t\t\t\t<div class=\"elementor-element elementor-element-1807dc7 elementor-align-center elementor-widget elementor-widget-button\" data-id=\"1807dc7\" data-element_type=\"widget\" data-e-type=\"widget\" data-widget_type=\"button.default\">\n\t\t\t\t<div class=\"elementor-widget-container\">\n\t\t\t\t\t\t\t\t\t<div class=\"elementor-button-wrapper\">\n\t\t\t\t\t<a class=\"elementor-button elementor-button-link elementor-size-sm\" href=\"\/room\/room-booking\/\">\n\t\t\t\t\t\t<span class=\"elementor-button-content-wrapper\">\n\t\t\t\t\t\t\t\t\t<span class=\"elementor-button-text\">Book Now<\/span>\n\t\t\t\t\t<\/span>\n\t\t\t\t\t<\/a>\n\t\t\t\t<\/div>\n\t\t\t\t\t\t\t\t<\/div>\n\t\t\t\t<\/div>\n\t\t\t\t<\/div>\n\t\t\t\t\t<\/div>\n\t\t\t\t<\/div>\n\t\t\t\t<\/div>\n\t\t","protected":false},"excerpt":{"rendered":"<p>Snowmobile Adventures Discover Thrilling Snowmobile &amp; ATV Excursions Discover Snowmobile &amp; ATV Escape into Iceland\u2019s winter wonderland with exhilarating snowmobile [&hellip;]<\/p>\n","protected":false},"author":4,"featured_media":0,"parent":0,"menu_order":0,"comment_status":"closed","ping_status":"closed","template":"","meta":{"site-sidebar-layout":"no-sidebar","site-content-layout":"","ast-site-content-layout":"full-width-container","site-content-style":"default","site-sidebar-style":"default","ast-global-header-display":"","ast-banner-title-visibility":"","ast-main-header-display":"","ast-hfb-above-header-display":"","ast-hfb-below-header-display":"","ast-hfb-mobile-header-display":"","site-post-title":"disabled","ast-breadcrumbs-content":"","ast-featured-img":"disabled","footer-sml-layout":"","theme-transparent-header-meta":"","adv-header-id-meta":"","stick-header-meta":"","header-above-stick-meta":"","header-main-stick-meta":"","header-below-stick-meta":"","astra-migrate-meta-layouts":"default","ast-page-background-enabled":"default","ast-page-background-meta":{"desktop":{"background-color":"var(--ast-global-color-4)","background-image":"","background-repeat":"repeat","background-position":"center center","background-size":"auto","background-attachment":"scroll","background-type":"","background-media":"","overlay-type":"","overlay-color":"","overlay-opacity":"","overlay-gradient":""},"tablet":{"background-color":"","background-image":"","background-repeat":"repeat","background-position":"center center","background-size":"auto","background-attachment":"scroll","background-type":"","background-media":"","overlay-type":"","overlay-color":"","overlay-opacity":"","overlay-gradient":""},"mobile":{"background-color":"","background-image":"","background-repeat":"repeat","background-position":"center center","background-size":"auto","background-attachment":"scroll","background-type":"","background-media":"","overlay-type":"","overlay-color":"","overlay-opacity":"","overlay-gradient":""}},"ast-content-background-meta":{"desktop":{"background-color":"var(--ast-global-color-5)","background-image":"","background-repeat":"repeat","background-position":"center center","background-size":"auto","background-attachment":"scroll","background-type":"","background-media":"","overlay-type":"","overlay-color":"","overlay-opacity":"","overlay-gradient":""},"tablet":{"background-color":"var(--ast-global-color-5)","background-image":"","background-repeat":"repeat","background-position":"center center","background-size":"auto","background-attachment":"scroll","background-type":"","background-media":"","overlay-type":"","overlay-color":"","overlay-opacity":"","overlay-gradient":""},"mobile":{"background-color":"var(--ast-global-color-5)","background-image":"","background-repeat":"repeat","background-position":"center center","background-size":"auto","background-attachment":"scroll","background-type":"","background-media":"","overlay-type":"","overlay-color":"","overlay-opacity":"","overlay-gradient":""}},"footnotes":""},"class_list":["post-2269","page","type-page","status-publish","hentry"],"yoast_head":"<!-- This site is optimized with the Yoast SEO plugin v27.3 - https:\/\/yoast.com\/product\/yoast-seo-wordpress\/ -->\n<title>Snow Mobile | Hotel Vos<\/title>\n<meta name=\"robots\" content=\"index, follow, max-snippet:-1, max-image-preview:large, max-video-preview:-1\" \/>\n<link rel=\"canonical\" href=\"https:\/\/hotelvos.is\/en\/snow-mobile\/\" \/>\n<meta property=\"og:locale\" content=\"en_US\" \/>\n<meta property=\"og:type\" content=\"article\" \/>\n<meta property=\"og:title\" content=\"Snow Mobile | Hotel Vos\" \/>\n<meta property=\"og:description\" content=\"Snowmobile Adventures Discover Thrilling Snowmobile &amp; ATV Excursions Discover Snowmobile &amp; ATV Escape into Iceland\u2019s winter wonderland with exhilarating snowmobile [&hellip;]\" \/>\n<meta property=\"og:url\" content=\"https:\/\/hotelvos.is\/en\/snow-mobile\/\" \/>\n<meta property=\"og:site_name\" content=\"Hotel Vos\" \/>\n<meta property=\"article:publisher\" content=\"https:\/\/www.facebook.com\/hotelvos\/\" \/>\n<meta property=\"article:modified_time\" content=\"2024-10-01T08:57:58+00:00\" \/>\n<meta property=\"og:image\" content=\"https:\/\/hotelvos.is\/wp-content\/uploads\/2025\/03\/hotelvoslogo-black-01.png\" \/>\n\t<meta property=\"og:image:width\" content=\"4167\" \/>\n\t<meta property=\"og:image:height\" content=\"3334\" \/>\n\t<meta property=\"og:image:type\" content=\"image\/png\" \/>\n<meta name=\"twitter:card\" content=\"summary_large_image\" \/>\n<meta name=\"twitter:label1\" content=\"Est. reading time\" \/>\n\t<meta name=\"twitter:data1\" content=\"1 minute\" \/>\n<script type=\"application\/ld+json\" class=\"yoast-schema-graph\">{\"@context\":\"https:\\\/\\\/schema.org\",\"@graph\":[{\"@type\":\"WebPage\",\"@id\":\"https:\\\/\\\/hotelvos.is\\\/en\\\/snow-mobile\\\/\",\"url\":\"https:\\\/\\\/hotelvos.is\\\/en\\\/snow-mobile\\\/\",\"name\":\"Snow Mobile | Hotel Vos\",\"isPartOf\":{\"@id\":\"https:\\\/\\\/hotelvos.is\\\/#website\"},\"datePublished\":\"2024-09-27T08:57:25+00:00\",\"dateModified\":\"2024-10-01T08:57:58+00:00\",\"breadcrumb\":{\"@id\":\"https:\\\/\\\/hotelvos.is\\\/en\\\/snow-mobile\\\/#breadcrumb\"},\"inLanguage\":\"en-US\",\"potentialAction\":[{\"@type\":\"ReadAction\",\"target\":[\"https:\\\/\\\/hotelvos.is\\\/en\\\/snow-mobile\\\/\"]}]},{\"@type\":\"BreadcrumbList\",\"@id\":\"https:\\\/\\\/hotelvos.is\\\/en\\\/snow-mobile\\\/#breadcrumb\",\"itemListElement\":[{\"@type\":\"ListItem\",\"position\":1,\"name\":\"Home\",\"item\":\"https:\\\/\\\/hotelvos.is\\\/\"},{\"@type\":\"ListItem\",\"position\":2,\"name\":\"Snow Mobile\"}]},{\"@type\":\"WebSite\",\"@id\":\"https:\\\/\\\/hotelvos.is\\\/#website\",\"url\":\"https:\\\/\\\/hotelvos.is\\\/\",\"name\":\"Hotel Vos\",\"description\":\"Sveitah\u00f3tel \u00ed \u00deykkvab\u00e6 \u00e1 Su\u00f0urlandi\",\"publisher\":{\"@id\":\"https:\\\/\\\/hotelvos.is\\\/#organization\"},\"potentialAction\":[{\"@type\":\"SearchAction\",\"target\":{\"@type\":\"EntryPoint\",\"urlTemplate\":\"https:\\\/\\\/hotelvos.is\\\/?s={search_term_string}\"},\"query-input\":{\"@type\":\"PropertyValueSpecification\",\"valueRequired\":true,\"valueName\":\"search_term_string\"}}],\"inLanguage\":\"en-US\"},{\"@type\":\"Organization\",\"@id\":\"https:\\\/\\\/hotelvos.is\\\/#organization\",\"name\":\"H\u00f3tel VOS\",\"url\":\"https:\\\/\\\/hotelvos.is\\\/\",\"logo\":{\"@type\":\"ImageObject\",\"inLanguage\":\"en-US\",\"@id\":\"https:\\\/\\\/hotelvos.is\\\/#\\\/schema\\\/logo\\\/image\\\/\",\"url\":\"https:\\\/\\\/hotelvos.is\\\/wp-content\\\/uploads\\\/2020\\\/06\\\/hotelvos_logo_transperent500.png\",\"contentUrl\":\"https:\\\/\\\/hotelvos.is\\\/wp-content\\\/uploads\\\/2020\\\/06\\\/hotelvos_logo_transperent500.png\",\"width\":500,\"height\":106,\"caption\":\"H\u00f3tel VOS\"},\"image\":{\"@id\":\"https:\\\/\\\/hotelvos.is\\\/#\\\/schema\\\/logo\\\/image\\\/\"},\"sameAs\":[\"https:\\\/\\\/www.facebook.com\\\/hotelvos\\\/\",\"https:\\\/\\\/www.instagram.com\\\/hotelvos\\\/?hl=en\"]}]}<\/script>\n<!-- \/ Yoast SEO plugin. -->","yoast_head_json":{"title":"Snow Mobile | Hotel Vos","robots":{"index":"index","follow":"follow","max-snippet":"max-snippet:-1","max-image-preview":"max-image-preview:large","max-video-preview":"max-video-preview:-1"},"canonical":"https:\/\/hotelvos.is\/en\/snow-mobile\/","og_locale":"en_US","og_type":"article","og_title":"Snow Mobile | Hotel Vos","og_description":"Snowmobile Adventures Discover Thrilling Snowmobile &amp; ATV Excursions Discover Snowmobile &amp; ATV Escape into Iceland\u2019s winter wonderland with exhilarating snowmobile [&hellip;]","og_url":"https:\/\/hotelvos.is\/en\/snow-mobile\/","og_site_name":"Hotel Vos","article_publisher":"https:\/\/www.facebook.com\/hotelvos\/","article_modified_time":"2024-10-01T08:57:58+00:00","og_image":[{"width":4167,"height":3334,"url":"https:\/\/hotelvos.is\/wp-content\/uploads\/2025\/03\/hotelvoslogo-black-01.png","type":"image\/png"}],"twitter_card":"summary_large_image","twitter_misc":{"Est. reading time":"1 minute"},"schema":{"@context":"https:\/\/schema.org","@graph":[{"@type":"WebPage","@id":"https:\/\/hotelvos.is\/en\/snow-mobile\/","url":"https:\/\/hotelvos.is\/en\/snow-mobile\/","name":"Snow Mobile | Hotel Vos","isPartOf":{"@id":"https:\/\/hotelvos.is\/#website"},"datePublished":"2024-09-27T08:57:25+00:00","dateModified":"2024-10-01T08:57:58+00:00","breadcrumb":{"@id":"https:\/\/hotelvos.is\/en\/snow-mobile\/#breadcrumb"},"inLanguage":"en-US","potentialAction":[{"@type":"ReadAction","target":["https:\/\/hotelvos.is\/en\/snow-mobile\/"]}]},{"@type":"BreadcrumbList","@id":"https:\/\/hotelvos.is\/en\/snow-mobile\/#breadcrumb","itemListElement":[{"@type":"ListItem","position":1,"name":"Home","item":"https:\/\/hotelvos.is\/"},{"@type":"ListItem","position":2,"name":"Snow Mobile"}]},{"@type":"WebSite","@id":"https:\/\/hotelvos.is\/#website","url":"https:\/\/hotelvos.is\/","name":"Hotel Vos","description":"Sveitah\u00f3tel \u00ed \u00deykkvab\u00e6 \u00e1 Su\u00f0urlandi","publisher":{"@id":"https:\/\/hotelvos.is\/#organization"},"potentialAction":[{"@type":"SearchAction","target":{"@type":"EntryPoint","urlTemplate":"https:\/\/hotelvos.is\/?s={search_term_string}"},"query-input":{"@type":"PropertyValueSpecification","valueRequired":true,"valueName":"search_term_string"}}],"inLanguage":"en-US"},{"@type":"Organization","@id":"https:\/\/hotelvos.is\/#organization","name":"H\u00f3tel VOS","url":"https:\/\/hotelvos.is\/","logo":{"@type":"ImageObject","inLanguage":"en-US","@id":"https:\/\/hotelvos.is\/#\/schema\/logo\/image\/","url":"https:\/\/hotelvos.is\/wp-content\/uploads\/2020\/06\/hotelvos_logo_transperent500.png","contentUrl":"https:\/\/hotelvos.is\/wp-content\/uploads\/2020\/06\/hotelvos_logo_transperent500.png","width":500,"height":106,"caption":"H\u00f3tel VOS"},"image":{"@id":"https:\/\/hotelvos.is\/#\/schema\/logo\/image\/"},"sameAs":["https:\/\/www.facebook.com\/hotelvos\/","https:\/\/www.instagram.com\/hotelvos\/?hl=en"]}]}},"_links":{"self":[{"href":"https:\/\/hotelvos.is\/en\/wp-json\/wp\/v2\/pages\/2269","targetHints":{"allow":["GET"]}}],"collection":[{"href":"https:\/\/hotelvos.is\/en\/wp-json\/wp\/v2\/pages"}],"about":[{"href":"https:\/\/hotelvos.is\/en\/wp-json\/wp\/v2\/types\/page"}],"author":[{"embeddable":true,"href":"https:\/\/hotelvos.is\/en\/wp-json\/wp\/v2\/users\/4"}],"replies":[{"embeddable":true,"href":"https:\/\/hotelvos.is\/en\/wp-json\/wp\/v2\/comments?post=2269"}],"version-history":[{"count":0,"href":"https:\/\/hotelvos.is\/en\/wp-json\/wp\/v2\/pages\/2269\/revisions"}],"wp:attachment":[{"href":"https:\/\/hotelvos.is\/en\/wp-json\/wp\/v2\/media?parent=2269"}],"curies":[{"name":"wp","href":"https:\/\/api.w.org\/{rel}","templated":true}]}}